{"id":5,"date":"2010-02-17T23:22:37","date_gmt":"2010-02-17T23:22:37","guid":{"rendered":"http:\/\/www.ranbau.de\/wp\/?page_id=5"},"modified":"2010-03-08T00:40:43","modified_gmt":"2010-03-08T00:40:43","slug":"herzlich-willkommen","status":"publish","type":"page","link":"https:\/\/www.ranbau.de\/wp\/","title":{"rendered":"Herzlich willkommen auf der Internetseite"},"content":{"rendered":"<h3>des Baugesch\u00e4fts RAN OHG.<\/h3>\n<p>Sch\u00f6n, dass Sie sich Zeit nehmen und unsere Homepage besuchen.<\/p>\n<p>Wir m\u00f6chten Ihnen hier einen Einblick in unsere baulichen Aktivit\u00e4ten in Cuxhaven verschaffen und Ihnen erm\u00f6glichen, sich \u00fcber unsere vielf\u00e4ltigen Leistungen zu informieren.<\/p>\n<p>F\u00fcr eine erste pers\u00f6nliche Beratung vor Ort stehen wir Ihnen selbstverst\u00e4ndlich gern zur Verf\u00fcgung. Nehmen Sie doch einfach per Telefon oder eMail Kontakt zu uns auf.<\/p>\n<p>Wir erledigen zuverl\u00e4ssig und termingerecht alle Arbeiten rund um den Bau.<\/p>\n","protected":false},"excerpt":{"rendered":"<p>des Baugesch\u00e4fts RAN OHG. Sch\u00f6n, dass Sie sich Zeit nehmen und unsere Homepage besuchen. Wir m\u00f6chten Ihnen hier einen Einblick in unsere baulichen Aktivit\u00e4ten in Cuxhaven verschaffen und Ihnen erm\u00f6glichen, sich \u00fcber unsere vielf\u00e4ltigen Leistungen zu informieren. F\u00fcr eine erste pers\u00f6nliche Beratung vor Ort stehen wir Ihnen selbstverst\u00e4ndlich gern zur Verf\u00fcgung. Nehmen Sie doch einfach [&hellip;]<\/p>\n","protected":false},"author":2,"featured_media":0,"parent":0,"menu_order":0,"comment_status":"closed","ping_status":"closed","template":"","meta":[],"_links":{"self":[{"href":"https:\/\/www.ranbau.de\/wp\/wp-json\/wp\/v2\/pages\/5"}],"collection":[{"href":"https:\/\/www.ranbau.de\/wp\/wp-json\/wp\/v2\/pages"}],"about":[{"href":"https:\/\/www.ranbau.de\/wp\/wp-json\/wp\/v2\/types\/page"}],"author":[{"embeddable":true,"href":"https:\/\/www.ranbau.de\/wp\/wp-json\/wp\/v2\/users\/2"}],"replies":[{"embeddable":true,"href":"https:\/\/www.ranbau.de\/wp\/wp-json\/wp\/v2\/comments?post=5"}],"version-history":[{"count":9,"href":"https:\/\/www.ranbau.de\/wp\/wp-json\/wp\/v2\/pages\/5\/revisions"}],"predecessor-version":[{"id":45,"href":"https:\/\/www.ranbau.de\/wp\/wp-json\/wp\/v2\/pages\/5\/revisions\/45"}],"wp:attachment":[{"href":"https:\/\/www.ranbau.de\/wp\/wp-json\/wp\/v2\/media?parent=5"}],"curies":[{"name":"wp","href":"https:\/\/api.w.org\/{rel}","templated":true}]}}